{"id":787,"date":"2017-12-11T14:02:24","date_gmt":"2017-12-11T14:02:24","guid":{"rendered":"http:\/\/lichtspielfarm.de\/?page_id=787"},"modified":"2019-10-10T13:31:48","modified_gmt":"2019-10-10T13:31:48","slug":"in-flammen-2","status":"publish","type":"page","link":"https:\/\/lichtspielfarm.de\/?page_id=787","title":{"rendered":"JACKPOT"},"content":{"rendered":"\t\t<div data-elementor-type=\"post\" data-elementor-id=\"787\" class=\"elementor elementor-787\" data-elementor-settings=\"[]\">\n\t\t\t<div class=\"elementor-inner\">\n\t\t\t\t<div class=\"elementor-section-wrap\">\n\t\t\t\t\t\t\t<section class=\"elementor-element elementor-element-0ca21cf elementor-section-boxed elementor-section-height-default elementor-section-height-default elementor-section elementor-top-section\" data-id=\"0ca21cf\" data-element_type=\"section\">\n\t\t\t\t\t\t<div class=\"elementor-container elementor-column-gap-default\">\n\t\t\t\t<div class=\"elementor-row\">\n\t\t\t\t<div class=\"elementor-element elementor-element-2456b65 elementor-column elementor-col-100 elementor-top-column\" data-id=\"2456b65\" data-element_type=\"column\">\n\t\t\t<div class=\"elementor-column-wrap  elementor-element-populated\">\n\t\t\t\t\t<div class=\"elementor-widget-wrap\">\n\t\t\t\t<div class=\"elementor-element elementor-element-b624ce9 elementor-widget elementor-widget-text-editor\" data-id=\"b624ce9\" data-element_type=\"widget\" data-widget_type=\"text-editor.default\">\n\t\t\t\t<div class=\"elementor-widget-container\">\n\t\t\t\t\t<div class=\"elementor-text-editor elementor-clearfix\"><p>Donkey hat einen Plan, der sein Leben wieder zur\u00fcck in die Spur bringen soll. Als er dann bei einem Radioquiz den Jackpot knackt, sieht es so aus, als w\u00fcrde sich das Gl\u00fcck endg\u00fcltig auf seine Seite schlagen. Dabei hat er doch noch nie gewonnen\u2026<\/p><\/div>\n\t\t\t\t<\/div>\n\t\t\t\t<\/div>\n\t\t\t\t\t\t<\/div>\n\t\t\t<\/div>\n\t\t<\/div>\n\t\t\t\t\t\t<\/div>\n\t\t\t<\/div>\n\t\t<\/section>\n\t\t\t\t<section class=\"elementor-element elementor-element-628932f elementor-section-boxed elementor-section-height-default elementor-section-height-default elementor-section elementor-top-section\" data-id=\"628932f\" data-element_type=\"section\">\n\t\t\t\t\t\t<div class=\"elementor-container elementor-column-gap-default\">\n\t\t\t\t<div class=\"elementor-row\">\n\t\t\t\t<div class=\"elementor-element elementor-element-621defd elementor-column elementor-col-100 elementor-top-column\" data-id=\"621defd\" data-element_type=\"column\">\n\t\t\t<div class=\"elementor-column-wrap  elementor-element-populated\">\n\t\t\t\t\t<div class=\"elementor-widget-wrap\">\n\t\t\t\t<div class=\"elementor-element elementor-element-7dea3cf elementor-aspect-ratio-169 elementor-widget elementor-widget-video\" data-id=\"7dea3cf\" data-element_type=\"widget\" data-settings=\"{&quot;aspect_ratio&quot;:&quot;169&quot;}\" data-widget_type=\"video.default\">\n\t\t\t\t<div class=\"elementor-widget-container\">\n\t\t\t\t\t<div class=\"elementor-wrapper elementor-fit-aspect-ratio elementor-open-inline\">\n\t\t\t<iframe class=\"elementor-video-iframe\" allowfullscreen src=\"https:\/\/www.youtube.com\/embed\/QCwZYP-hpbg?feature=oembed&amp;start&amp;end&amp;wmode=opaque&amp;loop=0&amp;controls=1&amp;mute=0&amp;rel=0&amp;modestbranding=0\"><\/iframe>\t\t<\/div>\n\t\t\t\t<\/div>\n\t\t\t\t<\/div>\n\t\t\t\t\t\t<\/div>\n\t\t\t<\/div>\n\t\t<\/div>\n\t\t\t\t\t\t<\/div>\n\t\t\t<\/div>\n\t\t<\/section>\n\t\t\t\t<section class=\"elementor-element elementor-element-472bd1d elementor-section-boxed elementor-section-height-default elementor-section-height-default elementor-section elementor-top-section\" data-id=\"472bd1d\" data-element_type=\"section\">\n\t\t\t\t\t\t<div class=\"elementor-container elementor-column-gap-default\">\n\t\t\t\t<div class=\"elementor-row\">\n\t\t\t\t<div class=\"elementor-element elementor-element-382cfebb elementor-column elementor-col-100 elementor-top-column\" data-id=\"382cfebb\" data-element_type=\"column\">\n\t\t\t<div class=\"elementor-column-wrap  elementor-element-populated\">\n\t\t\t\t\t<div class=\"elementor-widget-wrap\">\n\t\t\t\t<div class=\"elementor-element elementor-element-5742b68e elementor-widget elementor-widget-toggle\" data-id=\"5742b68e\" data-element_type=\"widget\" data-widget_type=\"toggle.default\">\n\t\t\t\t<div class=\"elementor-widget-container\">\n\t\t\t\t\t<div class=\"elementor-toggle\" role=\"tablist\">\n\t\t\t\t\t\t\t<div class=\"elementor-toggle-item\">\n\t\t\t\t\t<div id=\"elementor-tab-title-1461\" class=\"elementor-tab-title\" data-tab=\"1\" role=\"tab\" aria-controls=\"elementor-tab-content-1461\">\n\t\t\t\t\t\t\t\t\t\t\t\t<span class=\"elementor-toggle-icon elementor-toggle-icon-left\" aria-hidden=\"true\">\n\t\t\t\t\t\t\t<i class=\"elementor-toggle-icon-closed fa fa-caret-right\"><\/i>\n\t\t\t\t\t\t\t<i class=\"elementor-toggle-icon-opened fa fa-caret-up\"><\/i>\n\t\t\t\t\t\t<\/span>\n\t\t\t\t\t\t\t\t\t\t\t\t<a href=\"\">CAST<\/a>\n\t\t\t\t\t<\/div>\n\t\t\t\t\t<div id=\"elementor-tab-content-1461\" class=\"elementor-tab-content elementor-clearfix\" data-tab=\"1\" role=\"tabpanel\" aria-labelledby=\"elementor-tab-title-1461\"><p><span>Michael Specht<br \/>Lisa Vicari<br \/>Anja Gr\u00e4fenstein<br \/>Henning Kober<\/span><\/p><p><\/p><\/div>\n\t\t\t\t<\/div>\n\t\t\t\t\t\t\t<div class=\"elementor-toggle-item\">\n\t\t\t\t\t<div id=\"elementor-tab-title-1462\" class=\"elementor-tab-title\" data-tab=\"2\" role=\"tab\" aria-controls=\"elementor-tab-content-1462\">\n\t\t\t\t\t\t\t\t\t\t\t\t<span class=\"elementor-toggle-icon elementor-toggle-icon-left\" aria-hidden=\"true\">\n\t\t\t\t\t\t\t<i class=\"elementor-toggle-icon-closed fa fa-caret-right\"><\/i>\n\t\t\t\t\t\t\t<i class=\"elementor-toggle-icon-opened fa fa-caret-up\"><\/i>\n\t\t\t\t\t\t<\/span>\n\t\t\t\t\t\t\t\t\t\t\t\t<a href=\"\">CREW<\/a>\n\t\t\t\t\t<\/div>\n\t\t\t\t\t<div id=\"elementor-tab-content-1462\" class=\"elementor-tab-content elementor-clearfix\" data-tab=\"2\" role=\"tabpanel\" aria-labelledby=\"elementor-tab-title-1462\"><p>Produktion:\u00a0Anna Werner,\u00a0Felix Jahn, Robert K\u00f6hler\u00a0<br \/>Kamera:\u00a0Patrick Wegener,\u00a0Lukas Jung\u00a0<br \/>Drehbuch &amp;\u00a0Regie:\u00a0Moritz Jahn<br \/>Maskenbildnerin:\u00a0Ragna Jornitz<br \/>Filmtonmeister:\u00a0Kai Ziarkowski<br \/>Sounddesigner,\u00a0Mischtonmeister:\u00a0Gregor Arnold<\/p><\/div>\n\t\t\t\t<\/div>\n\t\t\t\t\t\t\t<div class=\"elementor-toggle-item\">\n\t\t\t\t\t<div id=\"elementor-tab-title-1463\" class=\"elementor-tab-title\" data-tab=\"3\" role=\"tab\" aria-controls=\"elementor-tab-content-1463\">\n\t\t\t\t\t\t\t\t\t\t\t\t<span class=\"elementor-toggle-icon elementor-toggle-icon-left\" aria-hidden=\"true\">\n\t\t\t\t\t\t\t<i class=\"elementor-toggle-icon-closed fa fa-caret-right\"><\/i>\n\t\t\t\t\t\t\t<i class=\"elementor-toggle-icon-opened fa fa-caret-up\"><\/i>\n\t\t\t\t\t\t<\/span>\n\t\t\t\t\t\t\t\t\t\t\t\t<a href=\"\">DETAILS<\/a>\n\t\t\t\t\t<\/div>\n\t\t\t\t\t<div id=\"elementor-tab-content-1463\" class=\"elementor-tab-content elementor-clearfix\" data-tab=\"3\" role=\"tabpanel\" aria-labelledby=\"elementor-tab-title-1463\"><p>Laufzeit:\u00a006:10<br \/>Drehformat: Arri Alexa 2K<br \/>Aspect Ratio: 1,85:1<br \/>Sound: Dolby 5.1<br \/>Produktionsjahr: 2018<br \/>Der Film wird von der\u00a0<a href=\"http:\/\/augohr.de\/catalogue\/jackpot-2\" style=\"letter-spacing: 0.6px; white-space: normal;\">Festivalagentur Aug&amp;Ohr<\/a>\u00a0vertreten.<\/p><\/div>\n\t\t\t\t<\/div>\n\t\t\t\t\t\t\t<div class=\"elementor-toggle-item\">\n\t\t\t\t\t<div id=\"elementor-tab-title-1464\" class=\"elementor-tab-title\" data-tab=\"4\" role=\"tab\" aria-controls=\"elementor-tab-content-1464\">\n\t\t\t\t\t\t\t\t\t\t\t\t<span class=\"elementor-toggle-icon elementor-toggle-icon-left\" aria-hidden=\"true\">\n\t\t\t\t\t\t\t<i class=\"elementor-toggle-icon-closed fa fa-caret-right\"><\/i>\n\t\t\t\t\t\t\t<i class=\"elementor-toggle-icon-opened fa fa-caret-up\"><\/i>\n\t\t\t\t\t\t<\/span>\n\t\t\t\t\t\t\t\t\t\t\t\t<a href=\"\">FESTIVALS<\/a>\n\t\t\t\t\t<\/div>\n\t\t\t\t\t<div id=\"elementor-tab-content-1464\" class=\"elementor-tab-content elementor-clearfix\" data-tab=\"4\" role=\"tabpanel\" aria-labelledby=\"elementor-tab-title-1464\"><p><span>NORTH CAROLINA FILM AWARD (Competition, North Carolina, USA)<br \/><br \/><\/span><span>1st BUXTINALE &#8211; FILMFEST BUXTEHUDE (Official Selection, Buxtehude, Germany)<br \/><br \/>THE SOUTH FILM AND ARTS ACADEMY FESTIVAL (Official Selection, Chile)<br \/><br \/>1st BERLIN INDEPENDENT FILM AWARDS (Official Selection, Berlin, Germany)<br \/><br \/>6th DAYS OF GERMAN AND RUSSIAN SHORT FILMS VKRATZE! (Official Selection, Volgograd, Russia)<br \/><br \/>1st REDLINE INTERNATIONAL FILM FESTIVAL (Official Selection, Toronto, Ontario Canada)<br \/><br \/>2nd THE BUDDHA INT&#8217;L FILM FESTIVAL (Official Selection, Pune, Maharashtra, India)<br \/><br \/>3rd DRUNKEN FILM FEST (Official Selection, Bradford, United Kingdom)<br \/><br \/>2nd LANETT CITY FILM FESTIVAL (Official Selection, Lanett, AL, USA)<br \/><br \/>4th PARKFLIMMERN FILM FESTIVAL (Official Selection, F\u00fcrstenwalde, Germany)<br \/><br \/>8th FESTIVAL INTERNACIONAL DE CINE FINE ARTS (Official Selection, Miramar, Puerto Rico)<br \/><br \/>14th INDIGO FILMFEST (Official Selection, Wadern-Bardenbach, Germany)<br \/><br \/>3rd ADIRONDACK FILM FESTIVAL (Official Selection, Glens Falls, NY, USA)<br \/><br \/>2nd SUNLIGHT INTERNATIONAL FILM FESTIVAL BERLIN (Official Selection, Berlin, Germany)<br \/><br \/>6th YOFIFEST FILM FESTIVAL (Official Selection, Yonkers, NY, USA)<br \/><br \/>2nd CHAMBAL INT&#8217;L FILM FESTIVAL (Official Selection, Kota, Rajasthan, India)<br \/><\/span><\/p><\/div>\n\t\t\t\t<\/div>\n\t\t\t\t\t<\/div>\n\t\t\t\t<\/div>\n\t\t\t\t<\/div>\n\t\t\t\t\t\t<\/div>\n\t\t\t<\/div>\n\t\t<\/div>\n\t\t\t\t\t\t<\/div>\n\t\t\t<\/div>\n\t\t<\/section>\n\t\t\t\t\t\t<\/div>\n\t\t\t<\/div>\n\t\t<\/div>\n\t\t","protected":false},"excerpt":{"rendered":"<p>Donkey hat einen Plan, der sein Leben wieder zur\u00fcck in die Spur bringen soll. Als er dann bei einem Radioquiz den Jackpot knackt, sieht es so aus, als w\u00fcrde sich das Gl\u00fcck endg\u00fcltig auf seine<a class=\"moretag\" href=\"https:\/\/lichtspielfarm.de\/?page_id=787\"> Read more&hellip;<\/a><\/p>\n","protected":false},"author":1,"featured_media":694,"parent":0,"menu_order":0,"comment_status":"closed","ping_status":"closed","template":"","meta":[],"_links":{"self":[{"href":"https:\/\/lichtspielfarm.de\/index.php?rest_route=\/wp\/v2\/pages\/787"}],"collection":[{"href":"https:\/\/lichtspielfarm.de\/index.php?rest_route=\/wp\/v2\/pages"}],"about":[{"href":"https:\/\/lichtspielfarm.de\/index.php?rest_route=\/wp\/v2\/types\/page"}],"author":[{"embeddable":true,"href":"https:\/\/lichtspielfarm.de\/index.php?rest_route=\/wp\/v2\/users\/1"}],"replies":[{"embeddable":true,"href":"https:\/\/lichtspielfarm.de\/index.php?rest_route=%2Fwp%2Fv2%2Fcomments&post=787"}],"version-history":[{"count":10,"href":"https:\/\/lichtspielfarm.de\/index.php?rest_route=\/wp\/v2\/pages\/787\/revisions"}],"predecessor-version":[{"id":1097,"href":"https:\/\/lichtspielfarm.de\/index.php?rest_route=\/wp\/v2\/pages\/787\/revisions\/1097"}],"wp:featuredmedia":[{"embeddable":true,"href":"https:\/\/lichtspielfarm.de\/index.php?rest_route=\/wp\/v2\/media\/694"}],"wp:attachment":[{"href":"https:\/\/lichtspielfarm.de\/index.php?rest_route=%2Fwp%2Fv2%2Fmedia&parent=787"}],"curies":[{"name":"wp","href":"https:\/\/api.w.org\/{rel}","templated":true}]}}